{"id":14,"date":"2025-10-27T19:27:29","date_gmt":"2025-10-27T19:27:29","guid":{"rendered":"https:\/\/garagemjorgedelgado.pt\/home\/?page_id=14"},"modified":"2025-12-25T11:50:12","modified_gmt":"2025-12-25T11:50:12","slug":"quem-somos","status":"publish","type":"page","link":"https:\/\/garagemjorgedelgado.pt\/home\/quem-somos\/","title":{"rendered":"Quem Somos"},"content":{"rendered":"\t\t<div data-elementor-type=\"wp-page\" data-elementor-id=\"14\" class=\"elementor elementor-14\" data-elementor-post-type=\"page\">\n\t\t\t\t<div class=\"elementor-element elementor-element-39efbd6 e-con-full e-flex e-con e-parent\" data-id=\"39efbd6\" data-element_type=\"container\">\n\t\t<div class=\"elementor-element elementor-element-d5cc5c7 e-flex e-con-boxed e-con e-child\" data-id=\"d5cc5c7\" data-element_type=\"container\" data-settings=\"{&quot;background_background&quot;:&quot;classic&quot;}\">\n\t\t\t\t\t<div class=\"e-con-inner\">\n\t\t\t\t\t<\/div>\n\t\t\t\t<\/div>\n\t\t\t\t<div class=\"elementor-element elementor-element-592c109 elementor-widget elementor-widget-heading\" data-id=\"592c109\" data-element_type=\"widget\" data-widget_type=\"heading.default\">\n\t\t\t\t\t<h2 class=\"elementor-heading-title elementor-size-default\">Garagem Jorge Delgado<\/h2>\t\t\t\t<\/div>\n\t\t\t\t<div class=\"elementor-element elementor-element-460f8e4 elementor-widget elementor-widget-text-editor\" data-id=\"460f8e4\" data-element_type=\"widget\" data-widget_type=\"text-editor.default\">\n\t\t\t\t\t\t\t\t\t<p>A Garagem Jorge Delgado \u00e9 uma empresa com mais de 30 anos de experi\u00eancia dedicada \u00e0 repara\u00e7\u00e3o autom\u00f3vel. Certificada pela Mercedes-Benz, iniciou a sua atividade como subagente da Sociedade Comercial. C. Santos, tornando-se posteriormente uma oficina independente, mas sempre a trabalhar dentro dos padr\u00f5es da marca.<br \/>Al\u00e9m da repara\u00e7\u00e3o e manuten\u00e7\u00e3o, dispomos de um servi\u00e7o de aluguer de viaturas &#8221; Rent-a-Star&#8221; e de com\u00e9rcio de viaturas semi-novas Mercedes-Benz e Smart.<br \/>O nosso principal objetivo \u00e9 a satisfa\u00e7\u00e3o total do cliente, colocando \u00e0 sua disposi\u00e7\u00e3o todos os meios para garantir um servi\u00e7o de excel\u00eancia, com a m\u00e1xima qualidade e transpar\u00eancia.<br \/>Desde sempre investimos na forma\u00e7\u00e3o continua dos nossos profissionais, na inova\u00e7\u00e3o tecnol\u00f3gica e na adapta\u00e7\u00e3o das novas exig\u00eancias do setor autom\u00f3vel. Al\u00e9m dos ve\u00edculos a combust\u00e3o, somos uma oficina certificada para repara\u00e7\u00e3o de ve\u00edculos h\u00edbridos e el\u00e9tricos, refor\u00e7ando o nosso compromisso com o futuro e com a evolu\u00e7\u00e3o constante do mundo\u00a0autom\u00f3vel.<\/p>\t\t\t\t\t\t\t\t<\/div>\n\t\t\t\t<\/div>\n\t\t<div class=\"elementor-element elementor-element-700443d e-flex e-con-boxed e-con e-parent\" data-id=\"700443d\" data-element_type=\"container\">\n\t\t\t\t\t<div class=\"e-con-inner\">\n\t\t\t\t<div class=\"elementor-element elementor-element-de4116c elementor-widget elementor-widget-heading\" data-id=\"de4116c\" data-element_type=\"widget\" data-widget_type=\"heading.default\">\n\t\t\t\t\t<h2 class=\"elementor-heading-title elementor-size-default\">Marcos Hist\u00f3ricos<\/h2>\t\t\t\t<\/div>\n\t\t\t\t<div class=\"elementor-element elementor-element-bf66262 elementor-widget__width-initial elementor-widget elementor-widget-text-editor\" data-id=\"bf66262\" data-element_type=\"widget\" data-widget_type=\"text-editor.default\">\n\t\t\t\t\t\t\t\t\t<ul class=\"ng-star-inserted\"><li class=\"ng-star-inserted\"><p class=\"ng-star-inserted\"><strong class=\"ng-star-inserted\"><span class=\"ng-star-inserted\">1990:<\/span><\/strong><span class=\"ng-star-inserted\"> A Garagem Jorge Delgado iniciou a sua atividade com o nome <\/span><strong class=\"ng-star-inserted\"><span class=\"ng-star-inserted\">JORGE DELGADO EIRL<\/span><\/strong><span class=\"ng-star-inserted\">\u00a0em instala\u00e7\u00f5es provis\u00f3rias, marcando o in\u00edcio de uma paix\u00e3o duradoura pela mec\u00e2nica autom\u00f3vel.<\/span><\/p><\/li><li class=\"ng-star-inserted\"><p class=\"ng-star-inserted\"><strong class=\"ng-star-inserted\"><span class=\"ng-star-inserted\">1992:<\/span><\/strong><span class=\"ng-star-inserted\">\u00a0Demos um passo importante ao mudar para\u00a0<\/span><strong class=\"ng-star-inserted\"><span class=\"ng-star-inserted\">novas instala\u00e7\u00f5es com 700 m\u00b2<\/span><\/strong><span class=\"ng-star-inserted\">, permitindo-nos expandir a capacidade de servi\u00e7o e oferecer um melhor acolhimento aos nossos clientes.<\/span><\/p><\/li><li class=\"ng-star-inserted\"><p class=\"ng-star-inserted\"><strong class=\"ng-star-inserted\"><span class=\"ng-star-inserted\">1994:<\/span><\/strong><span class=\"ng-star-inserted\">\u00a0Estabelecemos uma parceria estrat\u00e9gica com a\u00a0<\/span><strong class=\"ng-star-inserted\"><span class=\"ng-star-inserted\">Sociedade C. C. Santos, tornando-nos subagentes<\/span><\/strong><span class=\"ng-star-inserted\">, um reconhecimento da nossa qualidade e fiabilidade no mercado.<\/span><\/p><\/li><li class=\"ng-star-inserted\"><p class=\"ng-star-inserted\"><strong class=\"ng-star-inserted\"><span class=\"ng-star-inserted\">1996:<\/span><\/strong><span class=\"ng-star-inserted\">\u00a0Antecipando as necessidades do mercado, qualificamo-nos para a\u00a0<\/span><strong class=\"ng-star-inserted\"><span class=\"ng-star-inserted\">verifica\u00e7\u00e3o e qualifica\u00e7\u00e3o de tac\u00f3grafos e limitadores de velocidade<\/span><\/strong><span class=\"ng-star-inserted\">, expandindo a nossa oferta a ve\u00edculos pesados e frotas.<\/span><\/p><\/li><li class=\"ng-star-inserted\"><p class=\"ng-star-inserted\"><strong class=\"ng-star-inserted\"><span class=\"ng-star-inserted\">2000:<\/span><\/strong><span class=\"ng-star-inserted\">\u00a0As nossas instala\u00e7\u00f5es foram\u00a0<\/span><strong class=\"ng-star-inserted\"><span class=\"ng-star-inserted\">ampliadas para 1000 m\u00b2<\/span><\/strong><span class=\"ng-star-inserted\">, duplicando a nossa \u00e1rea de trabalho e permitindo-nos atender um maior volume de viaturas com a mesma efici\u00eancia.<\/span><\/p><\/li><li class=\"ng-star-inserted\"><p class=\"ng-star-inserted\"><strong class=\"ng-star-inserted\"><span class=\"ng-star-inserted\">2001:<\/span><\/strong><span class=\"ng-star-inserted\">\u00a0Um ano de dupla expans\u00e3o: obtivemos a qualifica\u00e7\u00e3o para a\u00a0<\/span><strong class=\"ng-star-inserted\"><span class=\"ng-star-inserted\">montagem e verifica\u00e7\u00e3o de tax\u00edmetros<\/span><\/strong><span class=\"ng-star-inserted\">, e a empresa\u00a0<\/span><strong class=\"ng-star-inserted\"><span class=\"ng-star-inserted\">mudou oficialmente de nome para GARAGEM JORGE DELGADO LDA<\/span><\/strong><span class=\"ng-star-inserted\">, refletindo o nosso crescimento e nova estrutura.<\/span><\/p><\/li><li class=\"ng-star-inserted\"><p class=\"ng-star-inserted\"><strong class=\"ng-star-inserted\"><span class=\"ng-star-inserted\">2015:<\/span><\/strong><span class=\"ng-star-inserted\">\u00a0Assinalamos um novo cap\u00edtulo com a abertura do nosso\u00a0<\/span><strong class=\"ng-star-inserted\"><span class=\"ng-star-inserted\">balc\u00e3o de aluguer e venda de viaturas seminovas<\/span><\/strong><span class=\"ng-star-inserted\">, novamente em parceria estrat\u00e9gica com a Sociedade Comercial C. C. Santos, oferecendo solu\u00e7\u00f5es de mobilidade completas.<\/span><\/p><\/li><li class=\"ng-star-inserted\"><p class=\"ng-star-inserted\"><strong class=\"ng-star-inserted\"><span class=\"ng-star-inserted\">2015:<\/span><\/strong><span class=\"ng-star-inserted\">\u00a0Fortalecemos o nosso servi\u00e7o de tac\u00f3grafos com a\u00a0<\/span><strong class=\"ng-star-inserted\"><span class=\"ng-star-inserted\">implementa\u00e7\u00e3o do sistema de descargas VDO<\/span><\/strong><span class=\"ng-star-inserted\">, evoluindo pouco depois para\u00a0<\/span><strong class=\"ng-star-inserted\"><span class=\"ng-star-inserted\">descargas remotas<\/span><\/strong><span class=\"ng-star-inserted\">, proporcionando maior comodidade e efici\u00eancia aos nossos clientes de frotas.<\/span><\/p><\/li><li class=\"ng-star-inserted\"><p class=\"ng-star-inserted\"><strong class=\"ng-star-inserted\"><span class=\"ng-star-inserted\">2018:<\/span><\/strong><span class=\"ng-star-inserted\">\u00a0Fomos distinguidos pela\u00a0<\/span><strong class=\"ng-star-inserted\"><span class=\"ng-star-inserted\">VDO como empresa de inova\u00e7\u00e3o em telem\u00e1tica a n\u00edvel nacional<\/span><\/strong><span class=\"ng-star-inserted\">, um reconhecimento do nosso investimento em tecnologia e solu\u00e7\u00f5es avan\u00e7adas.<\/span><\/p><\/li><li class=\"ng-star-inserted\"><p class=\"ng-star-inserted\"><strong class=\"ng-star-inserted\"><span class=\"ng-star-inserted\">2019:<\/span><\/strong><span class=\"ng-star-inserted\">\u00a0A nossa expertise \u00e9 oficialmente reconhecida: tornamo-nos\u00a0<\/span><strong class=\"ng-star-inserted\"><span class=\"ng-star-inserted\">oficina independente certificada Mercedes-Benz<\/span><\/strong><span class=\"ng-star-inserted\">, garantindo um servi\u00e7o especializado e de alta qualidade para uma das marcas mais prestigiadas.<\/span><\/p><\/li><li class=\"ng-star-inserted\"><p class=\"ng-star-inserted\"><strong class=\"ng-star-inserted\"><span class=\"ng-star-inserted\">2024:<\/span><\/strong><span class=\"ng-star-inserted\">\u00a0Aprofund\u00e1mos o nosso compromisso com a Mercedes-Benz atrav\u00e9s da\u00a0<\/span><strong class=\"ng-star-inserted\"><span class=\"ng-star-inserted\">aquisi\u00e7\u00e3o de um servidor oficial<\/span><\/strong><span class=\"ng-star-inserted\">, permitindo programa\u00e7\u00e3o e atualiza\u00e7\u00f5es de software de \u00faltima gera\u00e7\u00e3o.<\/span><\/p><\/li><li class=\"ng-star-inserted\"><p class=\"ng-star-inserted\"><strong class=\"ng-star-inserted\"><span class=\"ng-star-inserted\">2024:<\/span><\/strong><span class=\"ng-star-inserted\">\u00a0Investimos na nossa equipa com a\u00a0<\/span><strong class=\"ng-star-inserted\"><span class=\"ng-star-inserted\">certifica\u00e7\u00e3o de um t\u00e9cnico como especialista el\u00e9trico Mercedes-Benz<\/span><\/strong><span class=\"ng-star-inserted\">, e a\u00a0<\/span><strong class=\"ng-star-inserted\"><span class=\"ng-star-inserted\">certifica\u00e7\u00e3o de outro t\u00e9cnico em manuten\u00e7\u00e3o Mercedes-Benz<\/span><\/strong><span class=\"ng-star-inserted\">, assegurando um conhecimento t\u00e9cnico inigual\u00e1vel.<\/span><\/p><\/li><li class=\"ng-star-inserted\"><p class=\"ng-star-inserted\"><strong class=\"ng-star-inserted\"><span class=\"ng-star-inserted\">2025:<\/span><\/strong><span class=\"ng-star-inserted\">\u00a0Conquist\u00e1mos a\u00a0<\/span><strong class=\"ng-star-inserted\"><span class=\"ng-star-inserted\">capacidade de programar chaves originais Mercedes-Benz<\/span><\/strong><span class=\"ng-star-inserted\">, oferecendo um servi\u00e7o completo e exclusivo para os propriet\u00e1rios desta marca.<\/span><\/p><\/li><\/ul>\t\t\t\t\t\t\t\t<\/div>\n\t\t\t\t\t<\/div>\n\t\t\t\t<\/div>\n\t\t<div class=\"elementor-element elementor-element-8eadcf7 e-con-full e-flex e-con e-parent\" data-id=\"8eadcf7\" data-element_type=\"container\">\n\t\t\t\t<div class=\"elementor-element elementor-element-a09c460 elementor-widget elementor-widget-heading\" data-id=\"a09c460\" data-element_type=\"widget\" data-widget_type=\"heading.default\">\n\t\t\t\t\t<h2 class=\"elementor-heading-title elementor-size-default\">Onde estamos<\/h2>\t\t\t\t<\/div>\n\t\t<div class=\"elementor-element elementor-element-b0c126c e-con-full e-flex e-con e-child\" data-id=\"b0c126c\" data-element_type=\"container\">\n\t\t<div class=\"elementor-element elementor-element-4c8344a e-con-full e-flex e-con e-child\" data-id=\"4c8344a\" data-element_type=\"container\">\n\t\t\t\t<div class=\"elementor-element elementor-element-f9611a6 elementor-view-default elementor-widget elementor-widget-icon\" data-id=\"f9611a6\" data-element_type=\"widget\" data-widget_type=\"icon.default\">\n\t\t\t\t\t\t\t<div class=\"elementor-icon-wrapper\">\n\t\t\t<div class=\"elementor-icon\">\n\t\t\t<i aria-hidden=\"true\" class=\"icon icon-push-pin\"><\/i>\t\t\t<\/div>\n\t\t<\/div>\n\t\t\t\t\t\t<\/div>\n\t\t\t\t<\/div>\n\t\t<div class=\"elementor-element elementor-element-984a05b e-con-full e-flex e-con e-child\" data-id=\"984a05b\" data-element_type=\"container\">\n\t\t\t\t<div class=\"elementor-element elementor-element-ff1ddb1 elementor-widget elementor-widget-heading\" data-id=\"ff1ddb1\" data-element_type=\"widget\" data-widget_type=\"heading.default\">\n\t\t\t\t\t<h4 class=\"elementor-heading-title elementor-size-default\">Estrada Nacional 2, Outeiro Jus\u00e3o, Chaves, Portugal<\/h4>\t\t\t\t<\/div>\n\t\t\t\t<\/div>\n\t\t\t\t<\/div>\n\t\t\t\t<div class=\"elementor-element elementor-element-fc26673 elementor-widget elementor-widget-google_maps\" data-id=\"fc26673\" data-element_type=\"widget\" data-widget_type=\"google_maps.default\">\n\t\t\t\t\t\t\t<div class=\"elementor-custom-embed\">\n\t\t\t<iframe loading=\"lazy\"\n\t\t\t\t\tsrc=\"https:\/\/maps.google.com\/maps?q=Garagem%20Jorge%20Delgado%2C%20N2%2049%2C%205400-575%20Chaves&#038;t=m&#038;z=15&#038;output=embed&#038;iwloc=near\"\n\t\t\t\t\ttitle=\"Garagem Jorge Delgado, N2 49, 5400-575 Chaves\"\n\t\t\t\t\taria-label=\"Garagem Jorge Delgado, N2 49, 5400-575 Chaves\"\n\t\t\t><\/iframe>\n\t\t<\/div>\n\t\t\t\t\t\t<\/div>\n\t\t\t\t<\/div>\n\t\t\t\t<\/div>\n\t\t","protected":false},"excerpt":{"rendered":"<p>Garagem Jorge Delgado A Garagem Jorge Delgado \u00e9 uma empresa com mais de 30 anos de experi\u00eancia dedicada \u00e0 repara\u00e7\u00e3o autom\u00f3vel. Certificada pela Mercedes-Benz, iniciou a sua atividade como subagente da Sociedade Comercial. C. Santos, tornando-se posteriormente uma oficina independente, mas sempre a trabalhar dentro dos padr\u00f5es da marca.Al\u00e9m da repara\u00e7\u00e3o e manuten\u00e7\u00e3o, dispomos de [&hellip;]<\/p>\n","protected":false},"author":1,"featured_media":0,"parent":0,"menu_order":0,"comment_status":"closed","ping_status":"closed","template":"elementor_header_footer","meta":{"pagelayer_contact_templates":[],"_pagelayer_content":"","footnotes":""},"class_list":["post-14","page","type-page","status-publish","hentry"],"_links":{"self":[{"href":"https:\/\/garagemjorgedelgado.pt\/home\/wp-json\/wp\/v2\/pages\/14","targetHints":{"allow":["GET"]}}],"collection":[{"href":"https:\/\/garagemjorgedelgado.pt\/home\/wp-json\/wp\/v2\/pages"}],"about":[{"href":"https:\/\/garagemjorgedelgado.pt\/home\/wp-json\/wp\/v2\/types\/page"}],"author":[{"embeddable":true,"href":"https:\/\/garagemjorgedelgado.pt\/home\/wp-json\/wp\/v2\/users\/1"}],"replies":[{"embeddable":true,"href":"https:\/\/garagemjorgedelgado.pt\/home\/wp-json\/wp\/v2\/comments?post=14"}],"version-history":[{"count":31,"href":"https:\/\/garagemjorgedelgado.pt\/home\/wp-json\/wp\/v2\/pages\/14\/revisions"}],"predecessor-version":[{"id":866,"href":"https:\/\/garagemjorgedelgado.pt\/home\/wp-json\/wp\/v2\/pages\/14\/revisions\/866"}],"wp:attachment":[{"href":"https:\/\/garagemjorgedelgado.pt\/home\/wp-json\/wp\/v2\/media?parent=14"}],"curies":[{"name":"wp","href":"https:\/\/api.w.org\/{rel}","templated":true}]}}