{"id":22,"date":"2025-10-27T19:28:20","date_gmt":"2025-10-27T19:28:20","guid":{"rendered":"https:\/\/garagemjorgedelgado.pt\/home\/?page_id=22"},"modified":"2025-12-25T11:51:49","modified_gmt":"2025-12-25T11:51:49","slug":"contactos","status":"publish","type":"page","link":"https:\/\/garagemjorgedelgado.pt\/home\/contactos\/","title":{"rendered":"Contactos"},"content":{"rendered":"\t\t<div data-elementor-type=\"wp-page\" data-elementor-id=\"22\" class=\"elementor elementor-22\" data-elementor-post-type=\"page\">\n\t\t\t\t<div class=\"elementor-element elementor-element-1451471 e-flex e-con-boxed e-con e-parent\" data-id=\"1451471\" data-element_type=\"container\">\n\t\t\t\t\t<div class=\"e-con-inner\">\n\t\t\t\t<div class=\"elementor-element elementor-element-bbc1ddd elementor-widget elementor-widget-heading\" data-id=\"bbc1ddd\" data-element_type=\"widget\" data-widget_type=\"heading.default\">\n\t\t\t\t\t<h2 class=\"elementor-heading-title elementor-size-default\">Contactos<\/h2>\t\t\t\t<\/div>\n\t\t\t\t<div class=\"elementor-element elementor-element-5b92a98 elementor-widget elementor-widget-text-editor\" data-id=\"5b92a98\" data-element_type=\"widget\" data-widget_type=\"text-editor.default\">\n\t\t\t\t\t\t\t\t\t<p class=\"ng-star-inserted\"><strong class=\"ng-star-inserted\"><span class=\"ng-star-inserted\">Garagem Jorge Delgado<\/span><\/strong><\/p><p class=\"ng-star-inserted\"><strong class=\"ng-star-inserted\"><span class=\"ng-star-inserted\">Contactos e Informa\u00e7\u00f5es Legais da Empresa<\/span><\/strong><\/p><p class=\"ng-star-inserted\"><span class=\"ng-star-inserted\">Agradecemos o seu interesse nos nossos servi\u00e7os. Estamos dispon\u00edveis para o ajudar e responder a todas as suas quest\u00f5es.<\/span><\/p><hr class=\"ng-star-inserted\" \/><p class=\"ng-star-inserted\"><strong class=\"ng-star-inserted\"><span class=\"ng-star-inserted\">1. Informa\u00e7\u00f5es de Contacto:<\/span><\/strong><\/p><ul class=\"ng-star-inserted\"><li class=\"ng-star-inserted\"><p class=\"ng-star-inserted\"><strong class=\"ng-star-inserted\"><span class=\"ng-star-inserted\">Morada:<\/span><\/strong><br class=\"ng-star-inserted\" \/>Fonte, Outeiro Juz\u00e3o 5400-575 Chaves<\/p><\/li><li class=\"ng-star-inserted\"><p class=\"ng-star-inserted\"><strong class=\"ng-star-inserted\"><span class=\"ng-star-inserted\">Telefone:<\/span><\/strong><br class=\"ng-star-inserted\" \/>+ 351 276 346 257\u00a0<\/p><\/li><li class=\"ng-star-inserted\"><p class=\"ng-star-inserted\"><strong class=\"ng-star-inserted\"><span class=\"ng-star-inserted\">Telem\u00f3vel (opcional):<\/span><\/strong><br class=\"ng-star-inserted\" \/>+351 938 703 036<\/p><\/li><li class=\"ng-star-inserted\"><p class=\"ng-star-inserted\"><strong class=\"ng-star-inserted\"><span class=\"ng-star-inserted\">Email Geral:<\/span><\/strong><br class=\"ng-star-inserted\" \/><a href=\"mailto:geral@gjd.pt\">geral@gjd.pt<\/a><\/p><\/li><li class=\"ng-star-inserted\"><strong class=\"ng-star-inserted\"><span class=\"ng-star-inserted\">Hor\u00e1rio de Funcionamento:<\/span><\/strong><br class=\"ng-star-inserted\" \/><span class=\"ng-star-inserted\">Segunda a Sexta: 08h30 &#8211; 12:30 | 14:00 &#8211; 18h00\u00a0 ||\u00a0 S\u00e1bados, Domingos e Feriados: Encerrado<\/span><\/li><\/ul><hr class=\"ng-star-inserted\" \/><p class=\"ng-star-inserted\"><strong class=\"ng-star-inserted\"><span class=\"ng-star-inserted\">2. Identifica\u00e7\u00e3o da Empresa (Dados Legais):<\/span><\/strong><\/p><ul class=\"ng-star-inserted\"><li class=\"ng-star-inserted\"><p class=\"ng-star-inserted\"><strong class=\"ng-star-inserted\"><span class=\"ng-star-inserted\">Denomina\u00e7\u00e3o Social:<\/span><\/strong><br class=\"ng-star-inserted\" \/><span class=\"ng-star-inserted\">Garagem Jorge Delgado, Lda.<\/span><\/p><\/li><li class=\"ng-star-inserted\"><p class=\"ng-star-inserted\"><strong class=\"ng-star-inserted\"><span class=\"ng-star-inserted\">N\u00famero de Identifica\u00e7\u00e3o de Pessoa Coletiva (NIPC):<\/span><\/strong><br class=\"ng-star-inserted\" \/>505615665<\/p><\/li><li class=\"ng-star-inserted\"><p class=\"ng-star-inserted\"><strong class=\"ng-star-inserted\"><span class=\"ng-star-inserted\">Matriculada na Conservat\u00f3ria do Registo Comercial de:<\/span><\/strong><br class=\"ng-star-inserted\" \/><span class=\"ng-star-inserted\">Vila Real<\/span><\/p><\/li><\/ul><hr class=\"ng-star-inserted\" \/><p class=\"ng-star-inserted\"><strong class=\"ng-star-inserted\"><span class=\"ng-star-inserted\">3. Liga\u00e7\u00f5es \u00dateis:<\/span><\/strong><\/p><ul class=\"ng-star-inserted\"><li class=\"ng-star-inserted\"><p class=\"ng-star-inserted\"><a href=\"https:\/\/garagemjorgedelgado.pt\/home\/politica-de-privacidade\/\"><strong class=\"ng-star-inserted\"><span class=\"ng-star-inserted\">Pol\u00edtica de Privacidade<\/span><\/strong><\/a><\/p><\/li><li class=\"ng-star-inserted\"><p class=\"ng-star-inserted\"><a href=\"https:\/\/garagemjorgedelgado.pt\/home\/termos-e-condicoes-de-uso-do-website-e-dos-servicos\/\"><strong class=\"ng-star-inserted\"><span class=\"ng-star-inserted\">Termos e Condi\u00e7\u00f5es<\/span><\/strong><\/a><\/p><\/li><li class=\"ng-star-inserted\"><p class=\"ng-star-inserted\"><a href=\"https:\/\/garagemjorgedelgado.pt\/home\/politica-de-cookies\/\"><strong class=\"ng-star-inserted\"><span class=\"ng-star-inserted\">Pol\u00edtica de Cookies<\/span><\/strong><\/a><\/p><\/li><li class=\"ng-star-inserted\"><p class=\"ng-star-inserted\"><a href=\"https:\/\/www.livroreclamacoes.pt\/entidade\/505615665\"><strong class=\"ng-star-inserted\"><span class=\"ng-star-inserted\">Livro de Reclama\u00e7\u00f5es Online<\/span><\/strong><\/a><\/p><\/li><\/ul>\t\t\t\t\t\t\t\t<\/div>\n\t\t\t\t\t<\/div>\n\t\t\t\t<\/div>\n\t\t\t\t<\/div>\n\t\t","protected":false},"excerpt":{"rendered":"<p>Contactos Garagem Jorge Delgado Contactos e Informa\u00e7\u00f5es Legais da Empresa Agradecemos o seu interesse nos nossos servi\u00e7os. Estamos dispon\u00edveis para o ajudar e responder a todas as suas quest\u00f5es. 1. Informa\u00e7\u00f5es de Contacto: Morada:Fonte, Outeiro Juz\u00e3o 5400-575 Chaves Telefone:+ 351 276 346 257\u00a0 Telem\u00f3vel (opcional):+351 938 703 036 Email Geral:geral@gjd.pt Hor\u00e1rio de Funcionamento:Segunda a Sexta: [&hellip;]<\/p>\n","protected":false},"author":1,"featured_media":0,"parent":0,"menu_order":0,"comment_status":"closed","ping_status":"closed","template":"elementor_header_footer","meta":{"pagelayer_contact_templates":[],"_pagelayer_content":"","footnotes":""},"class_list":["post-22","page","type-page","status-publish","hentry"],"_links":{"self":[{"href":"https:\/\/garagemjorgedelgado.pt\/home\/wp-json\/wp\/v2\/pages\/22","targetHints":{"allow":["GET"]}}],"collection":[{"href":"https:\/\/garagemjorgedelgado.pt\/home\/wp-json\/wp\/v2\/pages"}],"about":[{"href":"https:\/\/garagemjorgedelgado.pt\/home\/wp-json\/wp\/v2\/types\/page"}],"author":[{"embeddable":true,"href":"https:\/\/garagemjorgedelgado.pt\/home\/wp-json\/wp\/v2\/users\/1"}],"replies":[{"embeddable":true,"href":"https:\/\/garagemjorgedelgado.pt\/home\/wp-json\/wp\/v2\/comments?post=22"}],"version-history":[{"count":13,"href":"https:\/\/garagemjorgedelgado.pt\/home\/wp-json\/wp\/v2\/pages\/22\/revisions"}],"predecessor-version":[{"id":872,"href":"https:\/\/garagemjorgedelgado.pt\/home\/wp-json\/wp\/v2\/pages\/22\/revisions\/872"}],"wp:attachment":[{"href":"https:\/\/garagemjorgedelgado.pt\/home\/wp-json\/wp\/v2\/media?parent=22"}],"curies":[{"name":"wp","href":"https:\/\/api.w.org\/{rel}","templated":true}]}}