{"id":328,"date":"2025-12-10T23:41:43","date_gmt":"2025-12-10T23:41:43","guid":{"rendered":"https:\/\/garagemjorgedelgado.pt\/home\/?page_id=328"},"modified":"2025-12-25T11:52:08","modified_gmt":"2025-12-25T11:52:08","slug":"livro-de-reclamacoes-online","status":"publish","type":"page","link":"https:\/\/garagemjorgedelgado.pt\/home\/livro-de-reclamacoes-online\/","title":{"rendered":"Livro de Reclama\u00e7\u00f5es Online"},"content":{"rendered":"\t\t<div data-elementor-type=\"wp-page\" data-elementor-id=\"328\" class=\"elementor elementor-328\" data-elementor-post-type=\"page\">\n\t\t\t\t<div class=\"elementor-element elementor-element-290c63c e-flex e-con-boxed e-con e-parent\" data-id=\"290c63c\" data-element_type=\"container\">\n\t\t\t\t\t<div class=\"e-con-inner\">\n\t\t\t\t<div class=\"elementor-element elementor-element-655d11e elementor-widget elementor-widget-heading\" data-id=\"655d11e\" data-element_type=\"widget\" data-widget_type=\"heading.default\">\n\t\t\t\t\t<h2 class=\"elementor-heading-title elementor-size-default\">Livro de Reclama\u00e7\u00f5es Online<\/h2>\t\t\t\t<\/div>\n\t\t\t\t<div class=\"elementor-element elementor-element-9633ab4 elementor-widget elementor-widget-text-editor\" data-id=\"9633ab4\" data-element_type=\"widget\" data-widget_type=\"text-editor.default\">\n\t\t\t\t\t\t\t\t\t<p class=\"ng-star-inserted\"><strong class=\"ng-star-inserted\"><span class=\"ng-star-inserted\">Garagem Jorge Delgado<\/span><\/strong><\/p><p class=\"ng-star-inserted\"><strong class=\"ng-star-inserted\"><span class=\"ng-star-inserted\">Livro de Reclama\u00e7\u00f5es Online<\/span><\/strong><\/p><p class=\"ng-star-inserted\"><span class=\"ng-star-inserted\">Em cumprimento do Decreto-Lei n.\u00ba 74\/2017, de 21 de junho, alterado pelo Decreto-Lei n.\u00ba 133\/2019, de 16 de setembro, que estabelece o regime jur\u00eddico do Livro de Reclama\u00e7\u00f5es, a [Nome da Oficina Mec\u00e2nica] disponibiliza aos seus clientes a vers\u00e3o eletr\u00f3nica do Livro de Reclama\u00e7\u00f5es.<\/span><\/p><p class=\"ng-star-inserted\"><span class=\"ng-star-inserted\">Valorizamos a sua opini\u00e3o e estamos empenhados em melhorar continuamente os nossos servi\u00e7os. Se tiver alguma reclama\u00e7\u00e3o ou desejar registar uma ocorr\u00eancia, pode faz\u00ea-lo de forma f\u00e1cil e r\u00e1pida atrav\u00e9s da plataforma oficial do Livro de Reclama\u00e7\u00f5es Eletr\u00f3nico.<\/span><\/p><p class=\"ng-star-inserted\"><span class=\"ng-star-inserted\">Para aceder ao Livro de Reclama\u00e7\u00f5es Online, por favor, clique no seguinte link:<\/span><\/p><p class=\"ng-star-inserted\"><a href=\"https:\/\/www.livroreclamacoes.pt\/entidade\/505615665\"><strong class=\"ng-star-inserted\"><span class=\"ng-star-inserted\">Livro de Reclama\u00e7\u00f5es Eletr\u00f3nico<\/span><\/strong><\/a><\/p><p class=\"ng-star-inserted\"><br class=\"ng-star-inserted\" \/><span class=\"ng-star-inserted\">Alternativamente, pode tamb\u00e9m aceder ao Livro de Reclama\u00e7\u00f5es f\u00edsico no nosso estabelecimento em [Morada da Oficina].<\/span><\/p><p class=\"ng-star-inserted\"><span class=\"ng-star-inserted\">Agradecemos a sua prefer\u00eancia e a sua colabora\u00e7\u00e3o na melhoria dos nossos servi\u00e7os.<\/span><\/p>\t\t\t\t\t\t\t\t<\/div>\n\t\t\t\t\t<\/div>\n\t\t\t\t<\/div>\n\t\t\t\t<\/div>\n\t\t","protected":false},"excerpt":{"rendered":"<p>Livro de Reclama\u00e7\u00f5es Online Garagem Jorge Delgado Livro de Reclama\u00e7\u00f5es Online Em cumprimento do Decreto-Lei n.\u00ba 74\/2017, de 21 de junho, alterado pelo Decreto-Lei n.\u00ba 133\/2019, de 16 de setembro, que estabelece o regime jur\u00eddico do Livro de Reclama\u00e7\u00f5es, a [Nome da Oficina Mec\u00e2nica] disponibiliza aos seus clientes a vers\u00e3o eletr\u00f3nica do Livro de Reclama\u00e7\u00f5es. [&hellip;]<\/p>\n","protected":false},"author":1,"featured_media":0,"parent":0,"menu_order":0,"comment_status":"closed","ping_status":"closed","template":"elementor_header_footer","meta":{"pagelayer_contact_templates":[],"_pagelayer_content":"","footnotes":""},"class_list":["post-328","page","type-page","status-publish","hentry"],"_links":{"self":[{"href":"https:\/\/garagemjorgedelgado.pt\/home\/wp-json\/wp\/v2\/pages\/328","targetHints":{"allow":["GET"]}}],"collection":[{"href":"https:\/\/garagemjorgedelgado.pt\/home\/wp-json\/wp\/v2\/pages"}],"about":[{"href":"https:\/\/garagemjorgedelgado.pt\/home\/wp-json\/wp\/v2\/types\/page"}],"author":[{"embeddable":true,"href":"https:\/\/garagemjorgedelgado.pt\/home\/wp-json\/wp\/v2\/users\/1"}],"replies":[{"embeddable":true,"href":"https:\/\/garagemjorgedelgado.pt\/home\/wp-json\/wp\/v2\/comments?post=328"}],"version-history":[{"count":13,"href":"https:\/\/garagemjorgedelgado.pt\/home\/wp-json\/wp\/v2\/pages\/328\/revisions"}],"predecessor-version":[{"id":875,"href":"https:\/\/garagemjorgedelgado.pt\/home\/wp-json\/wp\/v2\/pages\/328\/revisions\/875"}],"wp:attachment":[{"href":"https:\/\/garagemjorgedelgado.pt\/home\/wp-json\/wp\/v2\/media?parent=328"}],"curies":[{"name":"wp","href":"https:\/\/api.w.org\/{rel}","templated":true}]}}